{"id":65,"date":"2024-11-12T18:27:28","date_gmt":"2024-11-12T18:27:28","guid":{"rendered":"https:\/\/steelservicespr.com\/?page_id=65"},"modified":"2025-10-15T20:47:24","modified_gmt":"2025-10-15T20:47:24","slug":"jobs","status":"publish","type":"page","link":"https:\/\/steelservicespr.com\/en\/empleos\/","title":{"rendered":"Jobs"},"content":{"rendered":"\t\t<div data-elementor-type=\"wp-page\" data-elementor-id=\"65\" class=\"elementor elementor-65\" data-elementor-settings=\"{&quot;ha_cmc_init_switcher&quot;:&quot;no&quot;}\">\n\t\t\t\t<div class=\"elementor-element elementor-element-f568e19 e-flex e-con-boxed e-con e-parent\" data-id=\"f568e19\" data-element_type=\"container\" data-e-type=\"container\" data-settings=\"{&quot;background_background&quot;:&quot;classic&quot;,&quot;shape_divider_bottom&quot;:&quot;pyramids&quot;,&quot;_ha_eqh_enable&quot;:false}\">\n\t\t\t\t\t<div class=\"e-con-inner\">\n\t\t\t\t<div class=\"elementor-shape elementor-shape-bottom\" aria-hidden=\"true\" data-negative=\"false\">\n\t\t\t<svg xmlns=\"http:\/\/www.w3.org\/2000\/svg\" viewBox=\"0 0 1000 100\" preserveAspectRatio=\"none\">\n\t<path class=\"elementor-shape-fill\" d=\"M761.9,44.1L643.1,27.2L333.8,98L0,3.8V0l1000,0v3.9\"\/>\n<\/svg>\t\t<\/div>\n\t\t<div class=\"elementor-element elementor-element-63e776a e-con-full e-flex e-con e-child\" data-id=\"63e776a\" data-element_type=\"container\" data-e-type=\"container\" data-settings=\"{&quot;_ha_eqh_enable&quot;:false}\">\n\t\t\t\t<div class=\"elementor-element elementor-element-bc9473f elementor-widget elementor-widget-spacer\" data-id=\"bc9473f\" data-element_type=\"widget\" data-e-type=\"widget\" data-widget_type=\"spacer.default\">\n\t\t\t\t\t\t\t<div class=\"elementor-spacer\">\n\t\t\t<div class=\"elementor-spacer-inner\"><\/div>\n\t\t<\/div>\n\t\t\t\t\t\t<\/div>\n\t\t\t\t<div class=\"elementor-element elementor-element-80582b3 elementor-invisible elementor-widget elementor-widget-elementskit-heading\" data-id=\"80582b3\" data-element_type=\"widget\" data-e-type=\"widget\" data-settings=\"{&quot;_animation&quot;:&quot;fadeInDown&quot;}\" data-widget_type=\"elementskit-heading.default\">\n\t\t\t\t\t<div class=\"ekit-wid-con\" ><div class=\"ekit-heading elementskit-section-title-wraper text_left   ekit_heading_tablet-   ekit_heading_mobile-\"><h1 class=\"ekit-heading--title elementskit-section-title  ekit-heading__title-has-border start\">Empleos<\/h1><\/div><\/div>\t\t\t\t<\/div>\n\t\t\t\t<\/div>\n\t\t\t\t\t<\/div>\n\t\t\t\t<\/div>\n\t\t<div class=\"elementor-element elementor-element-61ab9f5 e-flex e-con-boxed e-con e-parent\" data-id=\"61ab9f5\" data-element_type=\"container\" data-e-type=\"container\" data-settings=\"{&quot;background_background&quot;:&quot;classic&quot;,&quot;_ha_eqh_enable&quot;:false}\">\n\t\t\t\t\t<div class=\"e-con-inner\">\n\t\t<div class=\"elementor-element elementor-element-40689d1 e-con-full e-flex e-con e-child\" data-id=\"40689d1\" data-element_type=\"container\" data-e-type=\"container\" data-settings=\"{&quot;_ha_eqh_enable&quot;:false}\">\n\t\t\t\t<div class=\"elementor-element elementor-element-7ee7b25 animated-slow elementor-invisible elementor-widget elementor-widget-elementskit-heading\" data-id=\"7ee7b25\" data-element_type=\"widget\" data-e-type=\"widget\" data-settings=\"{&quot;_animation&quot;:&quot;fadeInDown&quot;,&quot;_animation_delay&quot;:300}\" data-widget_type=\"elementskit-heading.default\">\n\t\t\t\t\t<div class=\"ekit-wid-con\" ><div class=\"ekit-heading elementskit-section-title-wraper text_left   ekit_heading_tablet-   ekit_heading_mobile-text_center\"><h2 class=\"ekit-heading--title elementskit-section-title  ekit-heading__title-has-border start\">\u00a1\u00daNETE A NUESTRO <span><span>EQUIPO<\/span><\/span>!<\/h2><\/div><\/div>\t\t\t\t<\/div>\n\t\t\t\t<\/div>\n\t\t<div class=\"elementor-element elementor-element-31689ca e-con-full e-flex e-con e-child\" data-id=\"31689ca\" data-element_type=\"container\" data-e-type=\"container\" data-settings=\"{&quot;_ha_eqh_enable&quot;:false}\">\n\t\t\t\t<div class=\"elementor-element elementor-element-d0667fd elementor-widget elementor-widget-heading\" data-id=\"d0667fd\" data-element_type=\"widget\" data-e-type=\"widget\" data-widget_type=\"heading.default\">\n\t\t\t\t\t<p class=\"elementor-heading-title elementor-size-default\">Publicamos nuestras oportunidades de empleos disponibles en las siguientes p\u00e1ginas:<\/p>\t\t\t\t<\/div>\n\t\t\t\t<div class=\"elementor-element elementor-element-3446a41 ha-logo-grid--col-3 ha-logo-grid--box ha-logo-grid--col--tablet2 ha-logo-grid--col--mobile2 elementor-widget elementor-widget-ha-logo-grid happy-addon ha-logo-grid\" data-id=\"3446a41\" data-element_type=\"widget\" data-e-type=\"widget\" data-widget_type=\"ha-logo-grid.default\">\n\t\t\t\t\t\n        <div class=\"ha-logo-grid-wrapper\">\n                            <div class=\"ha-logo-grid-item\">\n                    <figure class=\"ha-logo-grid-figure\">\n                    <img decoding=\"async\" width=\"231\" height=\"61\" src=\"https:\/\/steelservicespr.com\/wp-content\/uploads\/2024\/11\/linkedin.png\" class=\"ha-logo-grid-img elementor-animation-\" alt=\"Empleos\" \/>                    <\/figure>\n                <\/div>\n                            <div class=\"ha-logo-grid-item\">\n                    <figure class=\"ha-logo-grid-figure\">\n                    <img decoding=\"async\" width=\"144\" height=\"140\" src=\"https:\/\/steelservicespr.com\/wp-content\/uploads\/2024\/11\/Instagram.jpeg\" class=\"ha-logo-grid-img elementor-animation-\" alt=\"Empleos\" \/>                    <\/figure>\n                <\/div>\n                            <div class=\"ha-logo-grid-item\">\n                    <figure class=\"ha-logo-grid-figure\">\n                    <img decoding=\"async\" width=\"197\" height=\"104\" src=\"https:\/\/steelservicespr.com\/wp-content\/uploads\/2024\/11\/indeed.jpeg\" class=\"ha-logo-grid-img elementor-animation-\" alt=\"\" \/>                    <\/figure>\n                <\/div>\n                            <div class=\"ha-logo-grid-item\">\n                    <figure class=\"ha-logo-grid-figure\">\n                    <img loading=\"lazy\" decoding=\"async\" width=\"231\" height=\"61\" src=\"https:\/\/steelservicespr.com\/wp-content\/uploads\/2024\/11\/Facebook-Logo.png\" class=\"ha-logo-grid-img elementor-animation-\" alt=\"Empleos\" \/>                    <\/figure>\n                <\/div>\n                            <div class=\"ha-logo-grid-item\">\n                    <figure class=\"ha-logo-grid-figure\">\n                    <img loading=\"lazy\" decoding=\"async\" width=\"231\" height=\"61\" src=\"https:\/\/steelservicespr.com\/wp-content\/uploads\/2024\/11\/clasificados-online-logo.png\" class=\"ha-logo-grid-img elementor-animation-\" alt=\"\" \/>                    <\/figure>\n                <\/div>\n                    <\/div>\n\n        \t\t\t\t<\/div>\n\t\t\t\t<\/div>\n\t\t<div class=\"elementor-element elementor-element-326c1d3 e-con-full e-flex e-con e-child\" data-id=\"326c1d3\" data-element_type=\"container\" data-e-type=\"container\" data-settings=\"{&quot;_ha_eqh_enable&quot;:false}\">\n\t\t\t\t<div class=\"elementor-element elementor-element-6c9067a elementor-widget elementor-widget-video\" data-id=\"6c9067a\" data-element_type=\"widget\" data-e-type=\"widget\" data-settings=\"{&quot;youtube_url&quot;:&quot;https:\\\/\\\/www.youtube.com\\\/watch?v=NatlBAMOvL4&quot;,&quot;start&quot;:0,&quot;show_image_overlay&quot;:&quot;yes&quot;,&quot;image_overlay&quot;:{&quot;url&quot;:&quot;https:\\\/\\\/steelservicespr-com.preview-domain.com\\\/wp-content\\\/uploads\\\/2024\\\/11\\\/maxresdefault.webp&quot;,&quot;id&quot;:2450,&quot;size&quot;:&quot;&quot;,&quot;alt&quot;:&quot;&quot;,&quot;source&quot;:&quot;library&quot;},&quot;video_type&quot;:&quot;youtube&quot;,&quot;controls&quot;:&quot;yes&quot;}\" data-widget_type=\"video.default\">\n\t\t\t\t\t\t\t<div class=\"elementor-wrapper elementor-open-inline\">\n\t\t\t<div class=\"elementor-video\"><\/div>\t\t\t\t<div class=\"elementor-custom-embed-image-overlay\" style=\"background-image: url(https:\/\/steelservicespr.com\/wp-content\/uploads\/2024\/11\/maxresdefault.webp);\">\n\t\t\t\t\t\t\t\t\t\t\t\t\t\t\t\t<div class=\"elementor-custom-embed-play\" role=\"button\" aria-label=\"Play Video\" tabindex=\"0\">\n\t\t\t\t\t\t\t<svg aria-hidden=\"true\" class=\"e-font-icon-svg e-eicon-play\" viewBox=\"0 0 1000 1000\" xmlns=\"http:\/\/www.w3.org\/2000\/svg\"><path d=\"M838 162C746 71 633 25 500 25 371 25 258 71 163 162 71 254 25 367 25 500 25 633 71 746 163 837 254 929 367 979 500 979 633 979 746 933 838 837 929 746 975 633 975 500 975 367 929 254 838 162M808 192C892 279 933 379 933 500 933 621 892 725 808 808 725 892 621 938 500 938 379 938 279 896 196 808 113 725 67 621 67 500 67 379 108 279 196 192 279 108 383 62 500 62 621 62 721 108 808 192M438 392V642L642 517 438 392Z\"><\/path><\/svg>\t\t\t\t\t\t<\/div>\n\t\t\t\t\t\t\t\t\t<\/div>\n\t\t\t\t\t<\/div>\n\t\t\t\t\t\t<\/div>\n\t\t\t\t<\/div>\n\t\t<div class=\"elementor-element elementor-element-095d3fd e-con-full e-flex e-con e-child\" data-id=\"095d3fd\" data-element_type=\"container\" data-e-type=\"container\" data-settings=\"{&quot;_ha_eqh_enable&quot;:false}\">\n\t\t\t\t<div class=\"elementor-element elementor-element-2480955 elementor-widget__width-initial elementor-widget-mobile__width-inherit elementor-widget elementor-widget-ha-wpform happy-addon ha-wpform\" data-id=\"2480955\" data-element_type=\"widget\" data-e-type=\"widget\" data-widget_type=\"ha-wpform.default\">\n\t\t\t\t\t<div class=\"wpforms-container wpforms-container-full wpforms-render-modern\" id=\"wpforms-2385\"><form id=\"wpforms-form-2385\" class=\"wpforms-validate wpforms-form wpforms-ajax-form\" data-formid=\"2385\" method=\"post\" enctype=\"multipart\/form-data\" action=\"\/en\/wp-json\/wp\/v2\/pages\/65?wpforms_form_id=2385\" data-token=\"4bbe6e029c3ca923af86df7b313dc9c0\" data-token-time=\"1776168240\"><noscript class=\"wpforms-error-noscript\">Please enable JavaScript in your browser to complete this form.<\/noscript><div class=\"wpforms-hidden\" id=\"wpforms-error-noscript\">Please enable JavaScript in your browser to complete this form.<\/div><div class=\"wpforms-field-container\"><div id=\"wpforms-2385-field_1-container\" class=\"wpforms-field wpforms-field-name\" data-field-id=\"1\"><fieldset><legend class=\"wpforms-field-label\">Nombre <span class=\"wpforms-required-label\" aria-hidden=\"true\">*<\/span><\/legend><div class=\"wpforms-field-row wpforms-field-large\"><div class=\"wpforms-field-row-block wpforms-first wpforms-one-half\"><input type=\"text\" id=\"wpforms-2385-field_1\" class=\"wpforms-field-name-first wpforms-field-required\" name=\"wpforms[fields][1][first]\" aria-errormessage=\"wpforms-2385-field_1-error\" required><label for=\"wpforms-2385-field_1\" class=\"wpforms-field-sublabel after wpforms-sublabel-hide\">First<\/label><\/div><div class=\"wpforms-field-row-block wpforms-one-half\"><input type=\"text\" id=\"wpforms-2385-field_1-last\" class=\"wpforms-field-name-last wpforms-field-required\" name=\"wpforms[fields][1][last]\" placeholder=\"Apellido\" aria-errormessage=\"wpforms-2385-field_1-last-error\" required><label for=\"wpforms-2385-field_1-last\" class=\"wpforms-field-sublabel after wpforms-sublabel-hide\">Last<\/label><\/div><\/div><\/fieldset><\/div><div id=\"wpforms-2385-field_2-container\" class=\"wpforms-field wpforms-field-email\" data-field-id=\"2\"><label class=\"wpforms-field-label\" for=\"wpforms-2385-field_2\">Correo electr\u00f3nico <span class=\"wpforms-required-label\" aria-hidden=\"true\">*<\/span><\/label><input type=\"email\" id=\"wpforms-2385-field_2\" class=\"wpforms-field-large wpforms-field-required\" name=\"wpforms[fields][2]\" spellcheck=\"false\" aria-errormessage=\"wpforms-2385-field_2-error\" required><\/div><div id=\"wpforms-2385-field_3-container\" class=\"wpforms-field wpforms-field-phone\" data-field-id=\"3\"><label class=\"wpforms-field-label\" for=\"wpforms-2385-field_3\">Tel\u00e9fono <span class=\"wpforms-required-label\" aria-hidden=\"true\">*<\/span><\/label><input type=\"tel\" id=\"wpforms-2385-field_3\" class=\"wpforms-field-large wpforms-field-required\" data-rule-int-phone-field=\"true\" name=\"wpforms[fields][3]\" aria-label=\"Tel\u00e9fono\" aria-errormessage=\"wpforms-2385-field_3-error\" required><\/div><div id=\"wpforms-2385-field_4-container\" class=\"wpforms-field wpforms-field-file-upload\" data-field-id=\"4\"><label class=\"wpforms-field-label\" for=\"wpforms-2385-field_4\">Resumen (CV) <span class=\"wpforms-required-label\" aria-hidden=\"true\">*<\/span><\/label><div\n\t\tclass=\"wpforms-uploader\"\n\t\tdata-field-id=\"4\"\n\t\tdata-form-id=\"2385\"\n\t\tdata-input-name=\"wpforms_2385_4\"\n\t\tdata-extensions=\"jpg,jpeg,jpe,gif,png,bmp,tiff,tif,webp,avif,ico,heic,heif,heics,heifs,asf,asx,wmv,wmx,wm,avi,divx,mov,qt,mpeg,mpg,mpe,mp4,m4v,ogv,webm,mkv,3gp,3gpp,3g2,3gp2,txt,asc,c,cc,h,srt,csv,tsv,ics,rtx,css,vtt,mp3,m4a,m4b,aac,ra,ram,wav,ogg,oga,flac,mid,midi,wma,wax,mka,rtf,pdf,class,tar,zip,gz,gzip,rar,7z,psd,xcf,doc,pot,pps,ppt,wri,xla,xls,xlt,xlw,mpp,docx,docm,dotx,dotm,xlsx,xlsm,xlsb,xltx,xltm,xlam,pptx,pptm,ppsx,ppsm,potx,potm,ppam,sldx,sldm,onetoc,onetoc2,onepkg,oxps,xps,odt,odp,ods,odg,odc,odb,odf,wp,wpd,key,numbers,pages,json\"\n\t\tdata-max-size=\"3221225472\"\n\t\tdata-max-file-number=\"1\"\n\t\tdata-post-max-size=\"3221225472\"\n\t\tdata-max-parallel-uploads=\"4\"\n\t\tdata-parallel-uploads=\"true\"\n\t\tdata-file-chunk-size=\"2097152\">\n\t<div class=\"dz-message\">\n\t\t<svg viewBox=\"0 0 1024 1024\" focusable=\"false\" data-icon=\"inbox\" width=\"50px\" height=\"50px\" fill=\"currentColor\" aria-hidden=\"true\">\n\t\t\t<path d=\"M885.2 446.3l-.2-.8-112.2-285.1c-5-16.1-19.9-27.2-36.8-27.2H281.2c-17 0-32.1 11.3-36.9 27.6L139.4 443l-.3.7-.2.8c-1.3 4.9-1.7 9.9-1 14.8-.1 1.6-.2 3.2-.2 4.8V830a60.9 60.9 0 0 0 60.8 60.8h627.2c33.5 0 60.8-27.3 60.9-60.8V464.1c0-1.3 0-2.6-.1-3.7.4-4.9 0-9.6-1.3-14.1zm-295.8-43l-.3 15.7c-.8 44.9-31.8 75.1-77.1 75.1-22.1 0-41.1-7.1-54.8-20.6S436 441.2 435.6 419l-.3-15.7H229.5L309 210h399.2l81.7 193.3H589.4zm-375 76.8h157.3c24.3 57.1 76 90.8 140.4 90.8 33.7 0 65-9.4 90.3-27.2 22.2-15.6 39.5-37.4 50.7-63.6h156.5V814H214.4V480.1z\"><\/path>\n\t\t<\/svg>\n\t\t<span class=\"modern-title\">Click or drag a file to this area to upload.<\/span>\n\n\t\t\t<\/div>\n<\/div>\n<input\n\t\ttype=\"text\"\n\t\tautocomplete=\"off\"\n\t\treadonly\n\t\tclass=\"dropzone-input\"\n\t\tstyle=\"position:absolute!important;clip:rect(0,0,0,0)!important;height:1px!important;width:1px!important;border:0!important;overflow:hidden!important;padding:0!important;margin:0!important;\"\n\t\tid=\"wpforms-2385-field_4\"\n\t\tname=\"wpforms_2385_4\" required\t\tvalue=\"\">\n<\/div><\/div><!-- .wpforms-field-container --><div class=\"wpforms-recaptcha-container wpforms-is-recaptcha wpforms-is-recaptcha-type-v3\" ><input type=\"hidden\" name=\"wpforms[recaptcha]\" value=\"\"><\/div><div class=\"wpforms-submit-container\" ><input type=\"hidden\" name=\"wpforms[id]\" value=\"2385\"><input type=\"hidden\" name=\"page_title\" value=\"\"><input type=\"hidden\" name=\"page_url\" value=\"https:\/\/steelservicespr.com\/en\/wp-json\/wp\/v2\/pages\/65\"><input type=\"hidden\" name=\"url_referer\" value=\"\"><button type=\"submit\" name=\"wpforms[submit]\" id=\"wpforms-submit-2385\" class=\"wpforms-submit\" data-alt-text=\"Enviando...\" data-submit-text=\"Enviar\" aria-live=\"assertive\" value=\"wpforms-submit\">Enviar<\/button><img loading=\"lazy\" decoding=\"async\" src=\"https:\/\/steelservicespr.com\/wp-content\/plugins\/wpforms\/assets\/images\/submit-spin.svg\" class=\"wpforms-submit-spinner\" style=\"display: none;\" width=\"26\" height=\"26\" alt=\"Loading\"><\/div><\/form><\/div>  <!-- .wpforms-container -->\t\t\t\t<\/div>\n\t\t\t\t<\/div>\n\t\t\t\t\t<\/div>\n\t\t\t\t<\/div>\n\t\t\t\t<\/div>\n\t\t","protected":false},"excerpt":{"rendered":"<p>Empleos \u00a1\u00daNETE A NUESTRO EQUIPO! Publicamos nuestras oportunidades de empleos disponibles en las siguientes p\u00e1ginas: https:\/\/www.youtube.com\/watch?v=NatlBAMOvL4 Please enable JavaScript in your browser to complete this form.Please enable JavaScript in your browser to complete this form. Nombre * FirstLast Correo electr\u00f3nico *Tel\u00e9fono * Resumen (CV) * Click or drag a file to this area to upload. [&hellip;]<\/p>\n","protected":false},"author":2,"featured_media":2398,"parent":0,"menu_order":0,"comment_status":"closed","ping_status":"closed","template":"elementor_header_footer","meta":{"_joinchat":[],"footnotes":""},"class_list":["post-65","page","type-page","status-publish","has-post-thumbnail","hentry"],"yoast_head":"<!-- This site is optimized with the Yoast SEO plugin v24.7 - https:\/\/yoast.com\/wordpress\/plugins\/seo\/ -->\n<title>Empleos | Steel Services &amp; Supplies, Inc. | Puerto Rico<\/title>\n<meta name=\"description\" content=\"Steel Services &amp; Supplies, Inc. establecida en 1966, ha sido el principal proveedor de acero de refuerzo para Puerto Rico. Empleos\" \/>\n<meta name=\"robots\" content=\"index, follow, max-snippet:-1, max-image-preview:large, max-video-preview:-1\" \/>\n<link rel=\"canonical\" href=\"https:\/\/steelservicespr.com\/en\/jobs\/\" \/>\n<meta property=\"og:locale\" content=\"en_US\" \/>\n<meta property=\"og:type\" content=\"article\" \/>\n<meta property=\"og:title\" content=\"Empleos | Steel Services &amp; Supplies, Inc. | Puerto Rico\" \/>\n<meta property=\"og:description\" content=\"Steel Services &amp; Supplies, Inc. establecida en 1966, ha sido el principal proveedor de acero de refuerzo para Puerto Rico. Empleos\" \/>\n<meta property=\"og:url\" content=\"https:\/\/steelservicespr.com\/en\/jobs\/\" \/>\n<meta property=\"og:site_name\" content=\"Steel Services &amp; Supplies, Inc.\" \/>\n<meta property=\"article:publisher\" content=\"https:\/\/www.facebook.com\/people\/Steel-Services-Supplies-Inc\/100090145658719\/\" \/>\n<meta property=\"article:modified_time\" content=\"2025-10-15T20:47:24+00:00\" \/>\n<meta property=\"og:image\" content=\"https:\/\/steelservicespr.com\/wp-content\/uploads\/2024\/11\/shutterstock_2495619187.jpg\" \/>\n\t<meta property=\"og:image:width\" content=\"1000\" \/>\n\t<meta property=\"og:image:height\" content=\"668\" \/>\n\t<meta property=\"og:image:type\" content=\"image\/jpeg\" \/>\n<meta name=\"twitter:card\" content=\"summary_large_image\" \/>\n<meta name=\"twitter:label1\" content=\"Est. reading time\" \/>\n\t<meta name=\"twitter:data1\" content=\"2 minutes\" \/>\n<script type=\"application\/ld+json\" class=\"yoast-schema-graph\">{\"@context\":\"https:\/\/schema.org\",\"@graph\":[{\"@type\":\"WebPage\",\"@id\":\"https:\/\/steelservicespr.com\/empleos\/\",\"url\":\"https:\/\/steelservicespr.com\/empleos\/\",\"name\":\"Empleos | Steel Services &amp; Supplies, Inc. | Puerto Rico\",\"isPartOf\":{\"@id\":\"https:\/\/steelservicespr.com\/#website\"},\"primaryImageOfPage\":{\"@id\":\"https:\/\/steelservicespr.com\/empleos\/#primaryimage\"},\"image\":{\"@id\":\"https:\/\/steelservicespr.com\/empleos\/#primaryimage\"},\"thumbnailUrl\":\"https:\/\/steelservicespr.com\/wp-content\/uploads\/2024\/11\/shutterstock_2495619187.jpg\",\"datePublished\":\"2024-11-12T18:27:28+00:00\",\"dateModified\":\"2025-10-15T20:47:24+00:00\",\"description\":\"Steel Services & Supplies, Inc. establecida en 1966, ha sido el principal proveedor de acero de refuerzo para Puerto Rico. Empleos\",\"breadcrumb\":{\"@id\":\"https:\/\/steelservicespr.com\/empleos\/#breadcrumb\"},\"inLanguage\":\"en-US\",\"potentialAction\":[{\"@type\":\"ReadAction\",\"target\":[\"https:\/\/steelservicespr.com\/empleos\/\"]}]},{\"@type\":\"ImageObject\",\"inLanguage\":\"en-US\",\"@id\":\"https:\/\/steelservicespr.com\/empleos\/#primaryimage\",\"url\":\"https:\/\/steelservicespr.com\/wp-content\/uploads\/2024\/11\/shutterstock_2495619187.jpg\",\"contentUrl\":\"https:\/\/steelservicespr.com\/wp-content\/uploads\/2024\/11\/shutterstock_2495619187.jpg\",\"width\":1000,\"height\":668,\"caption\":\"Empleos\"},{\"@type\":\"BreadcrumbList\",\"@id\":\"https:\/\/steelservicespr.com\/empleos\/#breadcrumb\",\"itemListElement\":[{\"@type\":\"ListItem\",\"position\":1,\"name\":\"Home\",\"item\":\"https:\/\/steelservicespr.com\/\"},{\"@type\":\"ListItem\",\"position\":2,\"name\":\"Empleos\"}]},{\"@type\":\"WebSite\",\"@id\":\"https:\/\/steelservicespr.com\/#website\",\"url\":\"https:\/\/steelservicespr.com\/\",\"name\":\"Steel Services & Supplies, Inc.\",\"description\":\"El centro de distribuci\u00f3n de varillas de refuerzo y fabricaci\u00f3n en acero m\u00e1s grande del caribe desde 1966\",\"publisher\":{\"@id\":\"https:\/\/steelservicespr.com\/#organization\"},\"potentialAction\":[{\"@type\":\"SearchAction\",\"target\":{\"@type\":\"EntryPoint\",\"urlTemplate\":\"https:\/\/steelservicespr.com\/?s={search_term_string}\"},\"query-input\":{\"@type\":\"PropertyValueSpecification\",\"valueRequired\":true,\"valueName\":\"search_term_string\"}}],\"inLanguage\":\"en-US\"},{\"@type\":\"Organization\",\"@id\":\"https:\/\/steelservicespr.com\/#organization\",\"name\":\"Steel Services & Supplies, Inc.\",\"url\":\"https:\/\/steelservicespr.com\/\",\"logo\":{\"@type\":\"ImageObject\",\"inLanguage\":\"en-US\",\"@id\":\"https:\/\/steelservicespr.com\/#\/schema\/logo\/image\/\",\"url\":\"https:\/\/steelservicespr.com\/wp-content\/uploads\/2024\/12\/Steel_Services_LOGOSinfondo-Letras-blancas.png\",\"contentUrl\":\"https:\/\/steelservicespr.com\/wp-content\/uploads\/2024\/12\/Steel_Services_LOGOSinfondo-Letras-blancas.png\",\"width\":1230,\"height\":420,\"caption\":\"Steel Services & Supplies, Inc.\"},\"image\":{\"@id\":\"https:\/\/steelservicespr.com\/#\/schema\/logo\/image\/\"},\"sameAs\":[\"https:\/\/www.facebook.com\/people\/Steel-Services-Supplies-Inc\/100090145658719\/\"]}]}<\/script>\n<!-- \/ Yoast SEO plugin. -->","yoast_head_json":{"title":"Empleos | Steel Services &amp; Supplies, Inc. | Puerto Rico","description":"Steel Services &amp; Supplies, Inc., established in 1966, has been the leading supplier of reinforcing steel in Puerto Rico. Careers.","robots":{"index":"index","follow":"follow","max-snippet":"max-snippet:-1","max-image-preview":"max-image-preview:large","max-video-preview":"max-video-preview:-1"},"canonical":"https:\/\/steelservicespr.com\/en\/jobs\/","og_locale":"en_US","og_type":"article","og_title":"Empleos | Steel Services &amp; Supplies, Inc. | Puerto Rico","og_description":"Steel Services & Supplies, Inc. establecida en 1966, ha sido el principal proveedor de acero de refuerzo para Puerto Rico. Empleos","og_url":"https:\/\/steelservicespr.com\/en\/jobs\/","og_site_name":"Steel Services &amp; Supplies, Inc.","article_publisher":"https:\/\/www.facebook.com\/people\/Steel-Services-Supplies-Inc\/100090145658719\/","article_modified_time":"2025-10-15T20:47:24+00:00","og_image":[{"width":1000,"height":668,"url":"https:\/\/steelservicespr.com\/wp-content\/uploads\/2024\/11\/shutterstock_2495619187.jpg","type":"image\/jpeg"}],"twitter_card":"summary_large_image","twitter_misc":{"Est. reading time":"2 minutes"},"schema":{"@context":"https:\/\/schema.org","@graph":[{"@type":"WebPage","@id":"https:\/\/steelservicespr.com\/empleos\/","url":"https:\/\/steelservicespr.com\/empleos\/","name":"Empleos | Steel Services &amp; Supplies, Inc. | Puerto Rico","isPartOf":{"@id":"https:\/\/steelservicespr.com\/#website"},"primaryImageOfPage":{"@id":"https:\/\/steelservicespr.com\/empleos\/#primaryimage"},"image":{"@id":"https:\/\/steelservicespr.com\/empleos\/#primaryimage"},"thumbnailUrl":"https:\/\/steelservicespr.com\/wp-content\/uploads\/2024\/11\/shutterstock_2495619187.jpg","datePublished":"2024-11-12T18:27:28+00:00","dateModified":"2025-10-15T20:47:24+00:00","description":"Steel Services &amp; Supplies, Inc., established in 1966, has been the leading supplier of reinforcing steel in Puerto Rico. Careers.","breadcrumb":{"@id":"https:\/\/steelservicespr.com\/empleos\/#breadcrumb"},"inLanguage":"en-US","potentialAction":[{"@type":"ReadAction","target":["https:\/\/steelservicespr.com\/empleos\/"]}]},{"@type":"ImageObject","inLanguage":"en-US","@id":"https:\/\/steelservicespr.com\/empleos\/#primaryimage","url":"https:\/\/steelservicespr.com\/wp-content\/uploads\/2024\/11\/shutterstock_2495619187.jpg","contentUrl":"https:\/\/steelservicespr.com\/wp-content\/uploads\/2024\/11\/shutterstock_2495619187.jpg","width":1000,"height":668,"caption":"Empleos"},{"@type":"BreadcrumbList","@id":"https:\/\/steelservicespr.com\/empleos\/#breadcrumb","itemListElement":[{"@type":"ListItem","position":1,"name":"Home","item":"https:\/\/steelservicespr.com\/"},{"@type":"ListItem","position":2,"name":"Empleos"}]},{"@type":"WebSite","@id":"https:\/\/steelservicespr.com\/#website","url":"https:\/\/steelservicespr.com\/","name":"Steel Services &amp; Supplies, Inc.","description":"El centro de distribuci\u00f3n de varillas de refuerzo y fabricaci\u00f3n en acero m\u00e1s grande del caribe desde 1966","publisher":{"@id":"https:\/\/steelservicespr.com\/#organization"},"potentialAction":[{"@type":"SearchAction","target":{"@type":"EntryPoint","urlTemplate":"https:\/\/steelservicespr.com\/?s={search_term_string}"},"query-input":{"@type":"PropertyValueSpecification","valueRequired":true,"valueName":"search_term_string"}}],"inLanguage":"en-US"},{"@type":"Organization","@id":"https:\/\/steelservicespr.com\/#organization","name":"Steel Services &amp; Supplies, Inc.","url":"https:\/\/steelservicespr.com\/","logo":{"@type":"ImageObject","inLanguage":"en-US","@id":"https:\/\/steelservicespr.com\/#\/schema\/logo\/image\/","url":"https:\/\/steelservicespr.com\/wp-content\/uploads\/2024\/12\/Steel_Services_LOGOSinfondo-Letras-blancas.png","contentUrl":"https:\/\/steelservicespr.com\/wp-content\/uploads\/2024\/12\/Steel_Services_LOGOSinfondo-Letras-blancas.png","width":1230,"height":420,"caption":"Steel Services & Supplies, Inc."},"image":{"@id":"https:\/\/steelservicespr.com\/#\/schema\/logo\/image\/"},"sameAs":["https:\/\/www.facebook.com\/people\/Steel-Services-Supplies-Inc\/100090145658719\/"]}]}},"_links":{"self":[{"href":"https:\/\/steelservicespr.com\/en\/wp-json\/wp\/v2\/pages\/65","targetHints":{"allow":["GET"]}}],"collection":[{"href":"https:\/\/steelservicespr.com\/en\/wp-json\/wp\/v2\/pages"}],"about":[{"href":"https:\/\/steelservicespr.com\/en\/wp-json\/wp\/v2\/types\/page"}],"author":[{"embeddable":true,"href":"https:\/\/steelservicespr.com\/en\/wp-json\/wp\/v2\/users\/2"}],"replies":[{"embeddable":true,"href":"https:\/\/steelservicespr.com\/en\/wp-json\/wp\/v2\/comments?post=65"}],"version-history":[{"count":117,"href":"https:\/\/steelservicespr.com\/en\/wp-json\/wp\/v2\/pages\/65\/revisions"}],"predecessor-version":[{"id":3126,"href":"https:\/\/steelservicespr.com\/en\/wp-json\/wp\/v2\/pages\/65\/revisions\/3126"}],"wp:featuredmedia":[{"embeddable":true,"href":"https:\/\/steelservicespr.com\/en\/wp-json\/wp\/v2\/media\/2398"}],"wp:attachment":[{"href":"https:\/\/steelservicespr.com\/en\/wp-json\/wp\/v2\/media?parent=65"}],"curies":[{"name":"wp","href":"https:\/\/api.w.org\/{rel}","templated":true}]}}