{"id":626,"date":"2024-11-13T13:26:10","date_gmt":"2024-11-13T13:26:10","guid":{"rendered":"https:\/\/steelservicespr.com\/?page_id=626"},"modified":"2026-02-16T15:48:37","modified_gmt":"2026-02-16T15:48:37","slug":"about-us","status":"publish","type":"page","link":"https:\/\/steelservicespr.com\/en\/sobre-nosotros\/","title":{"rendered":"About us"},"content":{"rendered":"\t\t<div data-elementor-type=\"wp-page\" data-elementor-id=\"626\" class=\"elementor elementor-626\" data-elementor-settings=\"{&quot;ha_cmc_init_switcher&quot;:&quot;no&quot;}\">\n\t\t\t\t<div class=\"elementor-element elementor-element-f7b5275 e-flex e-con-boxed e-con e-parent\" data-id=\"f7b5275\" data-element_type=\"container\" data-e-type=\"container\" data-settings=\"{&quot;background_background&quot;:&quot;classic&quot;,&quot;_ha_eqh_enable&quot;:false}\">\n\t\t\t\t\t<div class=\"e-con-inner\">\n\t\t<div class=\"elementor-element elementor-element-30944e9 e-con-full e-flex e-con e-child\" data-id=\"30944e9\" data-element_type=\"container\" data-e-type=\"container\" data-settings=\"{&quot;_ha_eqh_enable&quot;:false}\">\n\t\t\t\t<div class=\"elementor-element elementor-element-ba4e8bf elementor-widget elementor-widget-spacer\" data-id=\"ba4e8bf\" data-element_type=\"widget\" data-e-type=\"widget\" data-widget_type=\"spacer.default\">\n\t\t\t\t\t\t\t<div class=\"elementor-spacer\">\n\t\t\t<div class=\"elementor-spacer-inner\"><\/div>\n\t\t<\/div>\n\t\t\t\t\t\t<\/div>\n\t\t\t\t<div class=\"elementor-element elementor-element-df89883 elementor-invisible elementor-widget elementor-widget-elementskit-heading\" data-id=\"df89883\" data-element_type=\"widget\" data-e-type=\"widget\" data-settings=\"{&quot;_animation&quot;:&quot;fadeInDown&quot;}\" data-widget_type=\"elementskit-heading.default\">\n\t\t\t\t\t<div class=\"ekit-wid-con\" ><div class=\"ekit-heading elementskit-section-title-wraper text_left   ekit_heading_tablet-   ekit_heading_mobile-\"><h1 class=\"ekit-heading--title elementskit-section-title  ekit-heading__title-has-border start\">Sobre Steel Services &amp; <span><span>Supplies Inc<\/span><\/span>.<\/h1><\/div><\/div>\t\t\t\t<\/div>\n\t\t\t\t<\/div>\n\t\t\t\t\t<\/div>\n\t\t\t\t<\/div>\n\t\t<div class=\"elementor-element elementor-element-56e161b e-flex e-con-boxed e-con e-parent\" data-id=\"56e161b\" data-element_type=\"container\" data-e-type=\"container\" data-settings=\"{&quot;background_background&quot;:&quot;classic&quot;,&quot;shape_divider_bottom&quot;:&quot;pyramids&quot;,&quot;_ha_eqh_enable&quot;:false}\">\n\t\t\t\t\t<div class=\"e-con-inner\">\n\t\t\t\t<div class=\"elementor-shape elementor-shape-bottom\" aria-hidden=\"true\" data-negative=\"false\">\n\t\t\t<svg xmlns=\"http:\/\/www.w3.org\/2000\/svg\" viewBox=\"0 0 1000 100\" preserveAspectRatio=\"none\">\n\t<path class=\"elementor-shape-fill\" d=\"M761.9,44.1L643.1,27.2L333.8,98L0,3.8V0l1000,0v3.9\"\/>\n<\/svg>\t\t<\/div>\n\t\t<div class=\"elementor-element elementor-element-89bdb16 e-con-full e-flex e-con e-child\" data-id=\"89bdb16\" data-element_type=\"container\" data-e-type=\"container\" data-settings=\"{&quot;_ha_eqh_enable&quot;:false}\">\n\t\t\t\t<div class=\"elementor-element elementor-element-8e438ca elementor-widget elementor-widget-spacer\" data-id=\"8e438ca\" data-element_type=\"widget\" data-e-type=\"widget\" data-widget_type=\"spacer.default\">\n\t\t\t\t\t\t\t<div class=\"elementor-spacer\">\n\t\t\t<div class=\"elementor-spacer-inner\"><\/div>\n\t\t<\/div>\n\t\t\t\t\t\t<\/div>\n\t\t\t\t<div class=\"elementor-element elementor-element-f0ec3de animated-slow elementor-invisible elementor-widget elementor-widget-elementskit-heading\" data-id=\"f0ec3de\" data-element_type=\"widget\" data-e-type=\"widget\" data-settings=\"{&quot;_animation&quot;:&quot;fadeInDown&quot;,&quot;_animation_delay&quot;:300}\" data-widget_type=\"elementskit-heading.default\">\n\t\t\t\t\t<div class=\"ekit-wid-con\" ><div class=\"ekit-heading elementskit-section-title-wraper text_left   ekit_heading_tablet-   ekit_heading_mobile-\"><h2 class=\"ekit-heading--title elementskit-section-title  ekit-heading__title-has-border start\">Steel Services &amp; <span><span>Supplies Inc<\/span><\/span>.<\/h2><\/div><\/div>\t\t\t\t<\/div>\n\t\t\t\t<div class=\"elementor-element elementor-element-4e53706 elementor-widget elementor-widget-text-editor\" data-id=\"4e53706\" data-element_type=\"widget\" data-e-type=\"widget\" data-settings=\"{&quot;_animation&quot;:&quot;none&quot;,&quot;_animation_delay&quot;:200}\" data-widget_type=\"text-editor.default\">\n\t\t\t\t\t\t\t\t\t<p><strong>Steel Services &amp; Supplies, Inc.<\/strong>\u00a0establecida en 1966, ha sido el principal proveedor de acero de refuerzo para Puerto Rico y las Islas V\u00edrgenes. Con el centro de distribuci\u00f3n de acero estructural m\u00e1s grande, Steel Services &amp; Supplies Inc. ha brindado la mejor variedad de productos y servicios para la industria de la construcci\u00f3n y el desarrollo en el Caribe.<\/p><p>Con m\u00e1s de 50 a\u00f1os de experiencia en la industria junto con el grupo de profesionales m\u00e1s din\u00e1mico y ordenado, nos permite brindar a nuestros clientes los mejores servicios y los precios m\u00e1s competitivos del mercado. Steel Services and Supplies Inc. asegura que nuestros productos cumplan con los requisitos de calidad de ASTM (American Standard Testing Material) para los c\u00f3digos y normas de construcci\u00f3n.<\/p><p>Nuestra empresa importa una gran variedad de acero de diferentes pa\u00edses del mundo, como Estados Unidos, M\u00e9xico, Rep\u00fablica Dominicana, Turqu\u00eda, Brasil, Costa Rica entre otros pa\u00edses.<\/p><p>Dentro de nuestros productos, contamos con el inventario m\u00e1s extenso de acero y metales de refuerzo, como barras de refuerzo rectas grado 60, barras de refuerzo epoxi, barras de refuerzo A706, barras de refuerzo A775, barras de refuerzo A615, bobinas, vigas estructurales, canales, placas de acero, tuber\u00edas, \u00e1ngulos, barras. (plano, redondo, cuadrado) Madera, malla de alambre y muchos otros materiales de construcci\u00f3n.<\/p><p>Steel Services and Supplies Inc. con la m\u00e1s alta tecnolog\u00eda y maquinaria del mercado tambi\u00e9n brindan servicios de Cortado y Doblado, Perforaciones y Fabricaci\u00f3n Estructural de diferentes perfiles estructurales. Tambi\u00e9n ofrecemos a nuestros clientes soluciones completas, que incluyen supervisi\u00f3n e instalaci\u00f3n en el lugar de trabajo.<\/p><p>En nuestro Departamento de Ingenier\u00eda contamos con un grupo de experimentados detalladores que han contribuido en proyectos de relevancia en Puerto Rico y el Caribe brindando a nuestros clientes planos de taller de alta complejidad y detalle.<\/p><p>Conf\u00eda tus proyectos a Steel Services and Supplies Inc., \u201cReforzando el futuro\u201d.<\/p>\t\t\t\t\t\t\t\t<\/div>\n\t\t\t\t<\/div>\n\t\t<div class=\"elementor-element elementor-element-611e1ca e-con-full e-flex e-con e-child\" data-id=\"611e1ca\" data-element_type=\"container\" data-e-type=\"container\" data-settings=\"{&quot;_ha_eqh_enable&quot;:false}\">\n\t\t<div class=\"elementor-element elementor-element-ea75d1e e-con-full e-flex e-con e-child\" data-id=\"ea75d1e\" data-element_type=\"container\" data-e-type=\"container\" data-settings=\"{&quot;background_background&quot;:&quot;slideshow&quot;,&quot;background_slideshow_gallery&quot;:[{&quot;id&quot;:484,&quot;url&quot;:&quot;https:\\\/\\\/steelservicespr.com\\\/wp-content\\\/uploads\\\/2024\\\/11\\\/DJI_0114_JPG.jpg&quot;},{&quot;id&quot;:432,&quot;url&quot;:&quot;https:\\\/\\\/steelservicespr.com\\\/wp-content\\\/uploads\\\/2024\\\/11\\\/DJI_0115_DNG.jpg&quot;}],&quot;background_slideshow_ken_burns&quot;:&quot;yes&quot;,&quot;background_slideshow_loop&quot;:&quot;yes&quot;,&quot;background_slideshow_slide_duration&quot;:5000,&quot;background_slideshow_slide_transition&quot;:&quot;fade&quot;,&quot;background_slideshow_transition_duration&quot;:500,&quot;background_slideshow_ken_burns_zoom_direction&quot;:&quot;in&quot;,&quot;_ha_eqh_enable&quot;:false}\">\n\t\t\t\t<\/div>\n\t\t<div class=\"elementor-element elementor-element-0237351 e-con-full e-flex e-con e-child\" data-id=\"0237351\" data-element_type=\"container\" data-e-type=\"container\" data-settings=\"{&quot;background_background&quot;:&quot;classic&quot;,&quot;_ha_eqh_enable&quot;:false}\">\n\t\t\t\t<div class=\"elementor-element elementor-element-a53f0e9 elementor-widget elementor-widget-counter\" data-id=\"a53f0e9\" data-element_type=\"widget\" data-e-type=\"widget\" data-widget_type=\"counter.default\">\n\t\t\t\t\t\t\t<div class=\"elementor-counter\">\n\t\t\t<p class=\"elementor-counter-title\">M\u00e1s de 50 a\u00f1os de experiencia<\/p>\t\t\t<div class=\"elementor-counter-number-wrapper\">\n\t\t\t\t<span class=\"elementor-counter-number-prefix\">Desde <\/span>\n\t\t\t\t<span class=\"elementor-counter-number\" data-duration=\"2000\" data-to-value=\"1966\" data-from-value=\"0\" data-delimiter=\",\">0<\/span>\n\t\t\t\t<span class=\"elementor-counter-number-suffix\"><\/span>\n\t\t\t<\/div>\n\t\t<\/div>\n\t\t\t\t\t\t<\/div>\n\t\t\t\t<\/div>\n\t\t\t\t<\/div>\n\t\t\t\t\t<\/div>\n\t\t\t\t<\/div>\n\t\t\t\t<\/div>\n\t\t","protected":false},"excerpt":{"rendered":"<p>Sobre Steel Services &amp; Supplies Inc. Steel Services &amp; Supplies Inc. Steel Services &amp; Supplies, Inc.\u00a0establecida en 1966, ha sido el principal proveedor de acero de refuerzo para Puerto Rico y las Islas V\u00edrgenes. Con el centro de distribuci\u00f3n de acero estructural m\u00e1s grande, Steel Services &amp; Supplies Inc. ha brindado la mejor variedad de [&hellip;]<\/p>\n","protected":false},"author":2,"featured_media":205,"parent":0,"menu_order":0,"comment_status":"closed","ping_status":"closed","template":"elementor_header_footer","meta":{"_joinchat":[],"footnotes":""},"class_list":["post-626","page","type-page","status-publish","has-post-thumbnail","hentry"],"yoast_head":"<!-- This site is optimized with the Yoast SEO plugin v24.7 - https:\/\/yoast.com\/wordpress\/plugins\/seo\/ -->\n<title>Supplies Inc | Puerto Rico | Sobre nosotros<\/title>\n<meta name=\"description\" content=\"Steel Services &amp; Supplies, Inc. establecida en 1966, ha sido el principal proveedor de acero de refuerzo para Puerto Rico. Conf\u00eda tus proyectos en manos expertas.\" \/>\n<meta name=\"robots\" content=\"index, follow, max-snippet:-1, max-image-preview:large, max-video-preview:-1\" \/>\n<link rel=\"canonical\" href=\"https:\/\/steelservicespr.com\/en\/about-us\/\" \/>\n<meta property=\"og:locale\" content=\"en_US\" \/>\n<meta property=\"og:type\" content=\"article\" \/>\n<meta property=\"og:title\" content=\"Supplies Inc | Puerto Rico | Sobre nosotros\" \/>\n<meta property=\"og:description\" content=\"Steel Services &amp; Supplies, Inc. establecida en 1966, ha sido el principal proveedor de acero de refuerzo para Puerto Rico. Conf\u00eda tus proyectos en manos expertas.\" \/>\n<meta property=\"og:url\" content=\"https:\/\/steelservicespr.com\/en\/about-us\/\" \/>\n<meta property=\"og:site_name\" content=\"Steel Services &amp; Supplies, Inc.\" \/>\n<meta property=\"article:publisher\" content=\"https:\/\/www.facebook.com\/people\/Steel-Services-Supplies-Inc\/100090145658719\/\" \/>\n<meta property=\"article:modified_time\" content=\"2026-02-16T15:48:37+00:00\" \/>\n<meta property=\"og:image\" content=\"https:\/\/steelservicespr.com\/wp-content\/uploads\/2024\/11\/shutterstock_2111911970.jpg\" \/>\n\t<meta property=\"og:image:width\" content=\"1000\" \/>\n\t<meta property=\"og:image:height\" content=\"667\" \/>\n\t<meta property=\"og:image:type\" content=\"image\/jpeg\" \/>\n<meta name=\"twitter:card\" content=\"summary_large_image\" \/>\n<meta name=\"twitter:title\" content=\"Supplies Inc | Puerto Rico | Sobre nosotros\" \/>\n<meta name=\"twitter:description\" content=\"Steel Services &amp; Supplies, Inc. establecida en 1966, ha sido el principal proveedor de acero de refuerzo para Puerto Rico. Conf\u00eda tus proyectos en manos expertas.\" \/>\n<meta name=\"twitter:image\" content=\"https:\/\/steelservicespr.com\/wp-content\/uploads\/2024\/11\/shutterstock_2111911970.jpg\" \/>\n<meta name=\"twitter:label1\" content=\"Est. reading time\" \/>\n\t<meta name=\"twitter:data1\" content=\"2 minutes\" \/>\n<script type=\"application\/ld+json\" class=\"yoast-schema-graph\">{\"@context\":\"https:\/\/schema.org\",\"@graph\":[{\"@type\":\"WebPage\",\"@id\":\"https:\/\/steelservicespr.com\/sobre-nosotros\/\",\"url\":\"https:\/\/steelservicespr.com\/sobre-nosotros\/\",\"name\":\"Supplies Inc | Puerto Rico | Sobre nosotros\",\"isPartOf\":{\"@id\":\"https:\/\/steelservicespr.com\/#website\"},\"primaryImageOfPage\":{\"@id\":\"https:\/\/steelservicespr.com\/sobre-nosotros\/#primaryimage\"},\"image\":{\"@id\":\"https:\/\/steelservicespr.com\/sobre-nosotros\/#primaryimage\"},\"thumbnailUrl\":\"https:\/\/steelservicespr.com\/wp-content\/uploads\/2024\/11\/shutterstock_1006180303-1.jpg\",\"datePublished\":\"2024-11-13T13:26:10+00:00\",\"dateModified\":\"2026-02-16T15:48:37+00:00\",\"description\":\"Steel Services & Supplies, Inc. establecida en 1966, ha sido el principal proveedor de acero de refuerzo para Puerto Rico. Conf\u00eda tus proyectos en manos expertas.\",\"breadcrumb\":{\"@id\":\"https:\/\/steelservicespr.com\/sobre-nosotros\/#breadcrumb\"},\"inLanguage\":\"en-US\",\"potentialAction\":[{\"@type\":\"ReadAction\",\"target\":[\"https:\/\/steelservicespr.com\/sobre-nosotros\/\"]}]},{\"@type\":\"ImageObject\",\"inLanguage\":\"en-US\",\"@id\":\"https:\/\/steelservicespr.com\/sobre-nosotros\/#primaryimage\",\"url\":\"https:\/\/steelservicespr.com\/wp-content\/uploads\/2024\/11\/shutterstock_1006180303-1.jpg\",\"contentUrl\":\"https:\/\/steelservicespr.com\/wp-content\/uploads\/2024\/11\/shutterstock_1006180303-1.jpg\",\"width\":1000,\"height\":668,\"caption\":\"Supplies Inc\"},{\"@type\":\"BreadcrumbList\",\"@id\":\"https:\/\/steelservicespr.com\/sobre-nosotros\/#breadcrumb\",\"itemListElement\":[{\"@type\":\"ListItem\",\"position\":1,\"name\":\"Home\",\"item\":\"https:\/\/steelservicespr.com\/\"},{\"@type\":\"ListItem\",\"position\":2,\"name\":\"Sobre nosotros\"}]},{\"@type\":\"WebSite\",\"@id\":\"https:\/\/steelservicespr.com\/#website\",\"url\":\"https:\/\/steelservicespr.com\/\",\"name\":\"Steel Services & Supplies, Inc.\",\"description\":\"El centro de distribuci\u00f3n de varillas de refuerzo y fabricaci\u00f3n en acero m\u00e1s grande del caribe desde 1966\",\"publisher\":{\"@id\":\"https:\/\/steelservicespr.com\/#organization\"},\"potentialAction\":[{\"@type\":\"SearchAction\",\"target\":{\"@type\":\"EntryPoint\",\"urlTemplate\":\"https:\/\/steelservicespr.com\/?s={search_term_string}\"},\"query-input\":{\"@type\":\"PropertyValueSpecification\",\"valueRequired\":true,\"valueName\":\"search_term_string\"}}],\"inLanguage\":\"en-US\"},{\"@type\":\"Organization\",\"@id\":\"https:\/\/steelservicespr.com\/#organization\",\"name\":\"Steel Services & Supplies, Inc.\",\"url\":\"https:\/\/steelservicespr.com\/\",\"logo\":{\"@type\":\"ImageObject\",\"inLanguage\":\"en-US\",\"@id\":\"https:\/\/steelservicespr.com\/#\/schema\/logo\/image\/\",\"url\":\"https:\/\/steelservicespr.com\/wp-content\/uploads\/2024\/12\/Steel_Services_LOGOSinfondo-Letras-blancas.png\",\"contentUrl\":\"https:\/\/steelservicespr.com\/wp-content\/uploads\/2024\/12\/Steel_Services_LOGOSinfondo-Letras-blancas.png\",\"width\":1230,\"height\":420,\"caption\":\"Steel Services & Supplies, Inc.\"},\"image\":{\"@id\":\"https:\/\/steelservicespr.com\/#\/schema\/logo\/image\/\"},\"sameAs\":[\"https:\/\/www.facebook.com\/people\/Steel-Services-Supplies-Inc\/100090145658719\/\"]}]}<\/script>\n<!-- \/ Yoast SEO plugin. -->","yoast_head_json":{"title":"Supplies Inc | Puerto Rico | About Us","description":"Steel Services &amp; Supplies, Inc., established in 1966, has been the leading supplier of reinforcing steel in Puerto Rico. Trust your projects to the experts.","robots":{"index":"index","follow":"follow","max-snippet":"max-snippet:-1","max-image-preview":"max-image-preview:large","max-video-preview":"max-video-preview:-1"},"canonical":"https:\/\/steelservicespr.com\/en\/about-us\/","og_locale":"en_US","og_type":"article","og_title":"Supplies Inc | Puerto Rico | Sobre nosotros","og_description":"Steel Services & Supplies, Inc. establecida en 1966, ha sido el principal proveedor de acero de refuerzo para Puerto Rico. Conf\u00eda tus proyectos en manos expertas.","og_url":"https:\/\/steelservicespr.com\/en\/about-us\/","og_site_name":"Steel Services &amp; Supplies, Inc.","article_publisher":"https:\/\/www.facebook.com\/people\/Steel-Services-Supplies-Inc\/100090145658719\/","article_modified_time":"2026-02-16T15:48:37+00:00","og_image":[{"width":1000,"height":667,"url":"https:\/\/steelservicespr.com\/wp-content\/uploads\/2024\/11\/shutterstock_2111911970.jpg","type":"image\/jpeg"}],"twitter_card":"summary_large_image","twitter_title":"Supplies Inc | Puerto Rico | Sobre nosotros","twitter_description":"Steel Services & Supplies, Inc. establecida en 1966, ha sido el principal proveedor de acero de refuerzo para Puerto Rico. Conf\u00eda tus proyectos en manos expertas.","twitter_image":"https:\/\/steelservicespr.com\/wp-content\/uploads\/2024\/11\/shutterstock_2111911970.jpg","twitter_misc":{"Est. reading time":"2 minutes"},"schema":{"@context":"https:\/\/schema.org","@graph":[{"@type":"WebPage","@id":"https:\/\/steelservicespr.com\/sobre-nosotros\/","url":"https:\/\/steelservicespr.com\/sobre-nosotros\/","name":"Supplies Inc | Puerto Rico | About Us","isPartOf":{"@id":"https:\/\/steelservicespr.com\/#website"},"primaryImageOfPage":{"@id":"https:\/\/steelservicespr.com\/sobre-nosotros\/#primaryimage"},"image":{"@id":"https:\/\/steelservicespr.com\/sobre-nosotros\/#primaryimage"},"thumbnailUrl":"https:\/\/steelservicespr.com\/wp-content\/uploads\/2024\/11\/shutterstock_1006180303-1.jpg","datePublished":"2024-11-13T13:26:10+00:00","dateModified":"2026-02-16T15:48:37+00:00","description":"Steel Services &amp; Supplies, Inc., established in 1966, has been the leading supplier of reinforcing steel in Puerto Rico. Trust your projects to the experts.","breadcrumb":{"@id":"https:\/\/steelservicespr.com\/sobre-nosotros\/#breadcrumb"},"inLanguage":"en-US","potentialAction":[{"@type":"ReadAction","target":["https:\/\/steelservicespr.com\/sobre-nosotros\/"]}]},{"@type":"ImageObject","inLanguage":"en-US","@id":"https:\/\/steelservicespr.com\/sobre-nosotros\/#primaryimage","url":"https:\/\/steelservicespr.com\/wp-content\/uploads\/2024\/11\/shutterstock_1006180303-1.jpg","contentUrl":"https:\/\/steelservicespr.com\/wp-content\/uploads\/2024\/11\/shutterstock_1006180303-1.jpg","width":1000,"height":668,"caption":"Supplies Inc"},{"@type":"BreadcrumbList","@id":"https:\/\/steelservicespr.com\/sobre-nosotros\/#breadcrumb","itemListElement":[{"@type":"ListItem","position":1,"name":"Home","item":"https:\/\/steelservicespr.com\/"},{"@type":"ListItem","position":2,"name":"Sobre nosotros"}]},{"@type":"WebSite","@id":"https:\/\/steelservicespr.com\/#website","url":"https:\/\/steelservicespr.com\/","name":"Steel Services &amp; Supplies, Inc.","description":"El centro de distribuci\u00f3n de varillas de refuerzo y fabricaci\u00f3n en acero m\u00e1s grande del caribe desde 1966","publisher":{"@id":"https:\/\/steelservicespr.com\/#organization"},"potentialAction":[{"@type":"SearchAction","target":{"@type":"EntryPoint","urlTemplate":"https:\/\/steelservicespr.com\/?s={search_term_string}"},"query-input":{"@type":"PropertyValueSpecification","valueRequired":true,"valueName":"search_term_string"}}],"inLanguage":"en-US"},{"@type":"Organization","@id":"https:\/\/steelservicespr.com\/#organization","name":"Steel Services &amp; Supplies, Inc.","url":"https:\/\/steelservicespr.com\/","logo":{"@type":"ImageObject","inLanguage":"en-US","@id":"https:\/\/steelservicespr.com\/#\/schema\/logo\/image\/","url":"https:\/\/steelservicespr.com\/wp-content\/uploads\/2024\/12\/Steel_Services_LOGOSinfondo-Letras-blancas.png","contentUrl":"https:\/\/steelservicespr.com\/wp-content\/uploads\/2024\/12\/Steel_Services_LOGOSinfondo-Letras-blancas.png","width":1230,"height":420,"caption":"Steel Services & Supplies, Inc."},"image":{"@id":"https:\/\/steelservicespr.com\/#\/schema\/logo\/image\/"},"sameAs":["https:\/\/www.facebook.com\/people\/Steel-Services-Supplies-Inc\/100090145658719\/"]}]}},"_links":{"self":[{"href":"https:\/\/steelservicespr.com\/en\/wp-json\/wp\/v2\/pages\/626","targetHints":{"allow":["GET"]}}],"collection":[{"href":"https:\/\/steelservicespr.com\/en\/wp-json\/wp\/v2\/pages"}],"about":[{"href":"https:\/\/steelservicespr.com\/en\/wp-json\/wp\/v2\/types\/page"}],"author":[{"embeddable":true,"href":"https:\/\/steelservicespr.com\/en\/wp-json\/wp\/v2\/users\/2"}],"replies":[{"embeddable":true,"href":"https:\/\/steelservicespr.com\/en\/wp-json\/wp\/v2\/comments?post=626"}],"version-history":[{"count":85,"href":"https:\/\/steelservicespr.com\/en\/wp-json\/wp\/v2\/pages\/626\/revisions"}],"predecessor-version":[{"id":3146,"href":"https:\/\/steelservicespr.com\/en\/wp-json\/wp\/v2\/pages\/626\/revisions\/3146"}],"wp:featuredmedia":[{"embeddable":true,"href":"https:\/\/steelservicespr.com\/en\/wp-json\/wp\/v2\/media\/205"}],"wp:attachment":[{"href":"https:\/\/steelservicespr.com\/en\/wp-json\/wp\/v2\/media?parent=626"}],"curies":[{"name":"wp","href":"https:\/\/api.w.org\/{rel}","templated":true}]}}