{"id":57,"date":"2024-11-12T18:26:44","date_gmt":"2024-11-12T18:26:44","guid":{"rendered":"https:\/\/steelservicespr.com\/?page_id=57"},"modified":"2025-03-18T14:06:59","modified_gmt":"2025-03-18T14:06:59","slug":"catalog","status":"publish","type":"page","link":"https:\/\/steelservicespr.com\/en\/materiales\/","title":{"rendered":"Catalog"},"content":{"rendered":"<div data-elementor-type=\"wp-page\" data-elementor-id=\"57\" class=\"elementor elementor-57\" data-elementor-settings=\"{&quot;ha_cmc_init_switcher&quot;:&quot;no&quot;}\">\n\t\t\t\t<div class=\"elementor-element elementor-element-ba10e5a e-flex e-con-boxed e-con e-parent\" data-id=\"ba10e5a\" data-element_type=\"container\" data-e-type=\"container\" data-settings=\"{&quot;background_background&quot;:&quot;classic&quot;,&quot;shape_divider_bottom&quot;:&quot;pyramids&quot;,&quot;_ha_eqh_enable&quot;:false}\">\n\t\t\t\t\t<div class=\"e-con-inner\">\n\t\t\t\t<div class=\"elementor-shape elementor-shape-bottom\" aria-hidden=\"true\" data-negative=\"false\">\n\t\t\t<svg xmlns=\"http:\/\/www.w3.org\/2000\/svg\" viewbox=\"0 0 1000 100\" preserveaspectratio=\"none\">\n\t<path class=\"elementor-shape-fill\" d=\"M761.9,44.1L643.1,27.2L333.8,98L0,3.8V0l1000,0v3.9\"\/>\n<\/svg>\t\t<\/div>\n\t\t<div class=\"elementor-element elementor-element-4c679a3 e-con-full e-flex e-con e-child\" data-id=\"4c679a3\" data-element_type=\"container\" data-e-type=\"container\" data-settings=\"{&quot;_ha_eqh_enable&quot;:false}\">\n\t\t\t\t<div class=\"elementor-element elementor-element-5a839b0 elementor-widget elementor-widget-spacer\" data-id=\"5a839b0\" data-element_type=\"widget\" data-e-type=\"widget\" data-widget_type=\"spacer.default\">\n\t\t\t\t\t\t\t<div class=\"elementor-spacer\">\n\t\t\t<div class=\"elementor-spacer-inner\"><\/div>\n\t\t<\/div>\n\t\t\t\t\t\t<\/div>\n\t\t\t\t<div class=\"elementor-element elementor-element-2946648 elementor-invisible elementor-widget elementor-widget-elementskit-heading\" data-id=\"2946648\" data-element_type=\"widget\" data-e-type=\"widget\" data-settings=\"{&quot;_animation&quot;:&quot;fadeInDown&quot;}\" data-widget_type=\"elementskit-heading.default\">\n\t\t\t\t\t<div class=\"ekit-wid-con\" ><div class=\"ekit-heading elementskit-section-title-wraper text_left   ekit_heading_tablet-   ekit_heading_mobile-\"><h1 class=\"ekit-heading--title elementskit-section-title  ekit-heading__title-has-border start translation-block\">To reach high you need a <span><span>strong<\/span><\/span> foundation!<\/h1><p class=\"ekit-heading--subtitle elementskit-section-subtitle\">\n\t\t\t\t\t\tAt Steel Services we offer you the best materials for strong, safe and resistant structures.\n\t\t\t\t\t<\/p><\/div><\/div>\t\t\t\t<\/div>\n\t\t\t\t<\/div>\n\t\t\t\t\t<\/div>\n\t\t\t\t<\/div>\n\t\t<div class=\"elementor-element elementor-element-770fade e-flex e-con-boxed e-con e-parent\" data-id=\"770fade\" data-element_type=\"container\" data-e-type=\"container\" data-settings=\"{&quot;background_background&quot;:&quot;classic&quot;,&quot;_ha_eqh_enable&quot;:false}\">\n\t\t\t\t\t<div class=\"e-con-inner\">\n\t\t<div class=\"elementor-element elementor-element-160693d e-con-full e-flex e-con e-child\" data-id=\"160693d\" data-element_type=\"container\" data-e-type=\"container\" data-settings=\"{&quot;_ha_eqh_enable&quot;:false}\">\n\t\t\t\t<div class=\"elementor-element elementor-element-1fd60e7 elementor-widget elementor-widget-heading\" data-id=\"1fd60e7\" data-element_type=\"widget\" data-e-type=\"widget\" data-widget_type=\"heading.default\">\n\t\t\t\t\t<h3 class=\"elementor-heading-title elementor-size-default\">Steel Services\n<\/h3>\t\t\t\t<\/div>\n\t\t\t\t<div class=\"elementor-element elementor-element-473ebec elementor-widget elementor-widget-shortcode\" data-id=\"473ebec\" data-element_type=\"widget\" data-e-type=\"widget\" data-widget_type=\"shortcode.default\">\n\t\t\t\t\t\t\t<div class=\"elementor-shortcode\"><div class=\"_df_book df-lite\" id=\"df_3025\"  _slug=\"steel-services\" data-title=\"steel-services\" wpoptions=\"true\" thumbtype=\"\" ><\/div><script class=\"df-shortcode-script\" nowprocket type=\"application\/javascript\">window.option_df_3025 = {\"outline\":[],\"autoEnableOutline\":\"false\",\"autoEnableThumbnail\":\"false\",\"overwritePDFOutline\":\"false\",\"direction\":\"1\",\"pageSize\":\"0\",\"source\":\"https:\\\/\\\/steelservicespr.com\\\/wp-content\\\/uploads\\\/2024\\\/12\\\/Steel_Services_Catalog_compressed-2_compressed.pdf\",\"wpOptions\":\"true\"}; if(window.DFLIP && window.DFLIP.parseBooks){window.DFLIP.parseBooks();}<\/script><\/div>\n\t\t\t\t\t\t<\/div>\n\t\t\t\t<\/div>\n\t\t<div class=\"elementor-element elementor-element-3f6b72f e-con-full e-flex e-con e-child\" data-id=\"3f6b72f\" data-element_type=\"container\" data-e-type=\"container\" data-settings=\"{&quot;_ha_eqh_enable&quot;:false}\">\n\t\t\t\t<div class=\"elementor-element elementor-element-39aae5c elementor-widget elementor-widget-heading\" data-id=\"39aae5c\" data-element_type=\"widget\" data-e-type=\"widget\" data-widget_type=\"heading.default\">\n\t\t\t\t\t<h3 class=\"elementor-heading-title elementor-size-default\">Construction materials\n<\/h3>\t\t\t\t<\/div>\n\t\t\t\t<div class=\"elementor-element elementor-element-2819a7e elementor-widget elementor-widget-shortcode\" data-id=\"2819a7e\" data-element_type=\"widget\" data-e-type=\"widget\" data-widget_type=\"shortcode.default\">\n\t\t\t\t\t\t\t<div class=\"elementor-shortcode\"><div class=\"_df_book df-lite\" id=\"df_3027\"  _slug=\"materiales-de-construccion\" data-title=\"materiales-de-construccion\" wpoptions=\"true\" thumbtype=\"\" ><\/div><script class=\"df-shortcode-script\" nowprocket type=\"application\/javascript\">window.option_df_3027 = {\"outline\":[],\"autoEnableOutline\":\"false\",\"autoEnableThumbnail\":\"false\",\"overwritePDFOutline\":\"false\",\"direction\":\"1\",\"pageSize\":\"0\",\"source\":\"https:\\\/\\\/steelservicespr.com\\\/wp-content\\\/uploads\\\/2024\\\/12\\\/STEEL-SERVICES-Anuncio-Rev_-1.pdf\",\"wpOptions\":\"true\"}; if(window.DFLIP && window.DFLIP.parseBooks){window.DFLIP.parseBooks();}<\/script><\/div>\n\t\t\t\t\t\t<\/div>\n\t\t\t\t<\/div>\n\t\t\t\t\t<\/div>\n\t\t\t\t<\/div>\n\t\t\t\t<\/div>","protected":false},"excerpt":{"rendered":"<p>\u00a1Para llegar alto necesitas una base fuerte! En Steel Services te ofrecemos los mejores materiales para estructuras fuertes, seguras y resistentes. Steel Services Materiales de construcci\u00f3n<\/p>","protected":false},"author":2,"featured_media":2330,"parent":0,"menu_order":0,"comment_status":"closed","ping_status":"closed","template":"elementor_header_footer","meta":{"_joinchat":[],"footnotes":""},"class_list":["post-57","page","type-page","status-publish","has-post-thumbnail","hentry"],"yoast_head":"<!-- This site is optimized with the Yoast SEO plugin v24.7 - https:\/\/yoast.com\/wordpress\/plugins\/seo\/ -->\n<title>Materiales, Cat\u00e1logo | Steel Services &amp; Supplies, Inc. | Puerto Rico<\/title>\n<meta name=\"description\" content=\"Steel Services &amp; Supplies, Inc. establecida en 1966, ha sido el principal proveedor de acero de refuerzo para Puerto Rico. Materiales\" \/>\n<meta name=\"robots\" content=\"index, follow, max-snippet:-1, max-image-preview:large, max-video-preview:-1\" \/>\n<link rel=\"canonical\" href=\"https:\/\/steelservicespr.com\/en\/catalog\/\" \/>\n<meta property=\"og:locale\" content=\"en_US\" \/>\n<meta property=\"og:type\" content=\"article\" \/>\n<meta property=\"og:title\" content=\"Materiales, Cat\u00e1logo | Steel Services &amp; Supplies, Inc. | Puerto Rico\" \/>\n<meta property=\"og:description\" content=\"Steel Services &amp; Supplies, Inc. establecida en 1966, ha sido el principal proveedor de acero de refuerzo para Puerto Rico. Materiales\" \/>\n<meta property=\"og:url\" content=\"https:\/\/steelservicespr.com\/en\/catalog\/\" \/>\n<meta property=\"og:site_name\" content=\"Steel Services &amp; Supplies, Inc.\" \/>\n<meta property=\"article:publisher\" content=\"https:\/\/www.facebook.com\/people\/Steel-Services-Supplies-Inc\/100090145658719\/\" \/>\n<meta property=\"article:modified_time\" content=\"2025-03-18T14:06:59+00:00\" \/>\n<meta property=\"og:image\" content=\"https:\/\/steelservicespr.com\/wp-content\/uploads\/2024\/11\/shutterstock_2499289957.jpg\" \/>\n\t<meta property=\"og:image:width\" content=\"1000\" \/>\n\t<meta property=\"og:image:height\" content=\"528\" \/>\n\t<meta property=\"og:image:type\" content=\"image\/jpeg\" \/>\n<meta name=\"twitter:card\" content=\"summary_large_image\" \/>\n<meta name=\"twitter:label1\" content=\"Est. reading time\" \/>\n\t<meta name=\"twitter:data1\" content=\"1 minute\" \/>\n<script type=\"application\/ld+json\" class=\"yoast-schema-graph\">{\"@context\":\"https:\/\/schema.org\",\"@graph\":[{\"@type\":\"WebPage\",\"@id\":\"https:\/\/steelservicespr.com\/materiales\/\",\"url\":\"https:\/\/steelservicespr.com\/materiales\/\",\"name\":\"Materiales, Cat\u00e1logo | Steel Services &amp; Supplies, Inc. | Puerto Rico\",\"isPartOf\":{\"@id\":\"https:\/\/steelservicespr.com\/#website\"},\"primaryImageOfPage\":{\"@id\":\"https:\/\/steelservicespr.com\/materiales\/#primaryimage\"},\"image\":{\"@id\":\"https:\/\/steelservicespr.com\/materiales\/#primaryimage\"},\"thumbnailUrl\":\"https:\/\/steelservicespr.com\/wp-content\/uploads\/2024\/11\/shutterstock_2499289957.jpg\",\"datePublished\":\"2024-11-12T18:26:44+00:00\",\"dateModified\":\"2025-03-18T14:06:59+00:00\",\"description\":\"Steel Services & Supplies, Inc. establecida en 1966, ha sido el principal proveedor de acero de refuerzo para Puerto Rico. Materiales\",\"breadcrumb\":{\"@id\":\"https:\/\/steelservicespr.com\/materiales\/#breadcrumb\"},\"inLanguage\":\"en-US\",\"potentialAction\":[{\"@type\":\"ReadAction\",\"target\":[\"https:\/\/steelservicespr.com\/materiales\/\"]}]},{\"@type\":\"ImageObject\",\"inLanguage\":\"en-US\",\"@id\":\"https:\/\/steelservicespr.com\/materiales\/#primaryimage\",\"url\":\"https:\/\/steelservicespr.com\/wp-content\/uploads\/2024\/11\/shutterstock_2499289957.jpg\",\"contentUrl\":\"https:\/\/steelservicespr.com\/wp-content\/uploads\/2024\/11\/shutterstock_2499289957.jpg\",\"width\":1000,\"height\":528,\"caption\":\"Materiales\"},{\"@type\":\"BreadcrumbList\",\"@id\":\"https:\/\/steelservicespr.com\/materiales\/#breadcrumb\",\"itemListElement\":[{\"@type\":\"ListItem\",\"position\":1,\"name\":\"Home\",\"item\":\"https:\/\/steelservicespr.com\/\"},{\"@type\":\"ListItem\",\"position\":2,\"name\":\"Cat\u00e1logo\"}]},{\"@type\":\"WebSite\",\"@id\":\"https:\/\/steelservicespr.com\/#website\",\"url\":\"https:\/\/steelservicespr.com\/\",\"name\":\"Steel Services & Supplies, Inc.\",\"description\":\"El centro de distribuci\u00f3n de varillas de refuerzo y fabricaci\u00f3n en acero m\u00e1s grande del caribe desde 1966\",\"publisher\":{\"@id\":\"https:\/\/steelservicespr.com\/#organization\"},\"potentialAction\":[{\"@type\":\"SearchAction\",\"target\":{\"@type\":\"EntryPoint\",\"urlTemplate\":\"https:\/\/steelservicespr.com\/?s={search_term_string}\"},\"query-input\":{\"@type\":\"PropertyValueSpecification\",\"valueRequired\":true,\"valueName\":\"search_term_string\"}}],\"inLanguage\":\"en-US\"},{\"@type\":\"Organization\",\"@id\":\"https:\/\/steelservicespr.com\/#organization\",\"name\":\"Steel Services & Supplies, Inc.\",\"url\":\"https:\/\/steelservicespr.com\/\",\"logo\":{\"@type\":\"ImageObject\",\"inLanguage\":\"en-US\",\"@id\":\"https:\/\/steelservicespr.com\/#\/schema\/logo\/image\/\",\"url\":\"https:\/\/steelservicespr.com\/wp-content\/uploads\/2024\/12\/Steel_Services_LOGOSinfondo-Letras-blancas.png\",\"contentUrl\":\"https:\/\/steelservicespr.com\/wp-content\/uploads\/2024\/12\/Steel_Services_LOGOSinfondo-Letras-blancas.png\",\"width\":1230,\"height\":420,\"caption\":\"Steel Services & Supplies, Inc.\"},\"image\":{\"@id\":\"https:\/\/steelservicespr.com\/#\/schema\/logo\/image\/\"},\"sameAs\":[\"https:\/\/www.facebook.com\/people\/Steel-Services-Supplies-Inc\/100090145658719\/\"]}]}<\/script>\n<!-- \/ Yoast SEO plugin. -->","yoast_head_json":{"title":"Materiales, Cat\u00e1logo | Steel Services &amp; Supplies, Inc. | Puerto Rico","description":"Steel Services &amp; Supplies, Inc., established in 1966, has been the leading supplier of reinforcing steel in Puerto Rico. Materials.","robots":{"index":"index","follow":"follow","max-snippet":"max-snippet:-1","max-image-preview":"max-image-preview:large","max-video-preview":"max-video-preview:-1"},"canonical":"https:\/\/steelservicespr.com\/en\/catalog\/","og_locale":"en_US","og_type":"article","og_title":"Materiales, Cat\u00e1logo | Steel Services &amp; Supplies, Inc. | Puerto Rico","og_description":"Steel Services & Supplies, Inc. establecida en 1966, ha sido el principal proveedor de acero de refuerzo para Puerto Rico. Materiales","og_url":"https:\/\/steelservicespr.com\/en\/catalog\/","og_site_name":"Steel Services &amp; Supplies, Inc.","article_publisher":"https:\/\/www.facebook.com\/people\/Steel-Services-Supplies-Inc\/100090145658719\/","article_modified_time":"2025-03-18T14:06:59+00:00","og_image":[{"width":1000,"height":528,"url":"https:\/\/steelservicespr.com\/wp-content\/uploads\/2024\/11\/shutterstock_2499289957.jpg","type":"image\/jpeg"}],"twitter_card":"summary_large_image","twitter_misc":{"Est. reading time":"1 minute"},"schema":{"@context":"https:\/\/schema.org","@graph":[{"@type":"WebPage","@id":"https:\/\/steelservicespr.com\/materiales\/","url":"https:\/\/steelservicespr.com\/materiales\/","name":"Materiales, Cat\u00e1logo | Steel Services &amp; Supplies, Inc. | Puerto Rico","isPartOf":{"@id":"https:\/\/steelservicespr.com\/#website"},"primaryImageOfPage":{"@id":"https:\/\/steelservicespr.com\/materiales\/#primaryimage"},"image":{"@id":"https:\/\/steelservicespr.com\/materiales\/#primaryimage"},"thumbnailUrl":"https:\/\/steelservicespr.com\/wp-content\/uploads\/2024\/11\/shutterstock_2499289957.jpg","datePublished":"2024-11-12T18:26:44+00:00","dateModified":"2025-03-18T14:06:59+00:00","description":"Steel Services &amp; Supplies, Inc., established in 1966, has been the leading supplier of reinforcing steel in Puerto Rico. Materials.","breadcrumb":{"@id":"https:\/\/steelservicespr.com\/materiales\/#breadcrumb"},"inLanguage":"en-US","potentialAction":[{"@type":"ReadAction","target":["https:\/\/steelservicespr.com\/materiales\/"]}]},{"@type":"ImageObject","inLanguage":"en-US","@id":"https:\/\/steelservicespr.com\/materiales\/#primaryimage","url":"https:\/\/steelservicespr.com\/wp-content\/uploads\/2024\/11\/shutterstock_2499289957.jpg","contentUrl":"https:\/\/steelservicespr.com\/wp-content\/uploads\/2024\/11\/shutterstock_2499289957.jpg","width":1000,"height":528,"caption":"Materiales"},{"@type":"BreadcrumbList","@id":"https:\/\/steelservicespr.com\/materiales\/#breadcrumb","itemListElement":[{"@type":"ListItem","position":1,"name":"Home","item":"https:\/\/steelservicespr.com\/"},{"@type":"ListItem","position":2,"name":"Cat\u00e1logo"}]},{"@type":"WebSite","@id":"https:\/\/steelservicespr.com\/#website","url":"https:\/\/steelservicespr.com\/","name":"Steel Services &amp; Supplies, Inc.","description":"El centro de distribuci\u00f3n de varillas de refuerzo y fabricaci\u00f3n en acero m\u00e1s grande del caribe desde 1966","publisher":{"@id":"https:\/\/steelservicespr.com\/#organization"},"potentialAction":[{"@type":"SearchAction","target":{"@type":"EntryPoint","urlTemplate":"https:\/\/steelservicespr.com\/?s={search_term_string}"},"query-input":{"@type":"PropertyValueSpecification","valueRequired":true,"valueName":"search_term_string"}}],"inLanguage":"en-US"},{"@type":"Organization","@id":"https:\/\/steelservicespr.com\/#organization","name":"Steel Services &amp; Supplies, Inc.","url":"https:\/\/steelservicespr.com\/","logo":{"@type":"ImageObject","inLanguage":"en-US","@id":"https:\/\/steelservicespr.com\/#\/schema\/logo\/image\/","url":"https:\/\/steelservicespr.com\/wp-content\/uploads\/2024\/12\/Steel_Services_LOGOSinfondo-Letras-blancas.png","contentUrl":"https:\/\/steelservicespr.com\/wp-content\/uploads\/2024\/12\/Steel_Services_LOGOSinfondo-Letras-blancas.png","width":1230,"height":420,"caption":"Steel Services & Supplies, Inc."},"image":{"@id":"https:\/\/steelservicespr.com\/#\/schema\/logo\/image\/"},"sameAs":["https:\/\/www.facebook.com\/people\/Steel-Services-Supplies-Inc\/100090145658719\/"]}]}},"_links":{"self":[{"href":"https:\/\/steelservicespr.com\/en\/wp-json\/wp\/v2\/pages\/57","targetHints":{"allow":["GET"]}}],"collection":[{"href":"https:\/\/steelservicespr.com\/en\/wp-json\/wp\/v2\/pages"}],"about":[{"href":"https:\/\/steelservicespr.com\/en\/wp-json\/wp\/v2\/types\/page"}],"author":[{"embeddable":true,"href":"https:\/\/steelservicespr.com\/en\/wp-json\/wp\/v2\/users\/2"}],"replies":[{"embeddable":true,"href":"https:\/\/steelservicespr.com\/en\/wp-json\/wp\/v2\/comments?post=57"}],"version-history":[{"count":67,"href":"https:\/\/steelservicespr.com\/en\/wp-json\/wp\/v2\/pages\/57\/revisions"}],"predecessor-version":[{"id":3084,"href":"https:\/\/steelservicespr.com\/en\/wp-json\/wp\/v2\/pages\/57\/revisions\/3084"}],"wp:featuredmedia":[{"embeddable":true,"href":"https:\/\/steelservicespr.com\/en\/wp-json\/wp\/v2\/media\/2330"}],"wp:attachment":[{"href":"https:\/\/steelservicespr.com\/en\/wp-json\/wp\/v2\/media?parent=57"}],"curies":[{"name":"wp","href":"https:\/\/api.w.org\/{rel}","templated":true}]}}