{"id":49,"date":"2024-11-12T18:23:41","date_gmt":"2024-11-12T18:23:41","guid":{"rendered":"https:\/\/steelservicespr.com\/?page_id=49"},"modified":"2024-11-18T13:25:48","modified_gmt":"2024-11-18T13:25:48","slug":"thank-you","status":"publish","type":"page","link":"https:\/\/steelservicespr.com\/en\/gracias\/","title":{"rendered":"Gracias"},"content":{"rendered":"<div data-elementor-type=\"wp-page\" data-elementor-id=\"49\" class=\"elementor elementor-49\" data-elementor-settings=\"{&quot;ha_cmc_init_switcher&quot;:&quot;no&quot;}\">\n\t\t\t\t<div class=\"elementor-element elementor-element-0efcc4b e-flex e-con-boxed e-con e-parent\" data-id=\"0efcc4b\" data-element_type=\"container\" data-e-type=\"container\" data-settings=\"{&quot;background_background&quot;:&quot;classic&quot;,&quot;_ha_eqh_enable&quot;:false}\">\n\t\t\t\t\t<div class=\"e-con-inner\">\n\t\t<div class=\"elementor-element elementor-element-c6aa542 e-con-full e-flex e-con e-child\" data-id=\"c6aa542\" data-element_type=\"container\" data-e-type=\"container\" data-settings=\"{&quot;_ha_eqh_enable&quot;:false}\">\n\t\t\t\t<div class=\"elementor-element elementor-element-37b2f91 elementor-widget elementor-widget-spacer\" data-id=\"37b2f91\" data-element_type=\"widget\" data-e-type=\"widget\" data-widget_type=\"spacer.default\">\n\t\t\t\t\t\t\t<div class=\"elementor-spacer\">\n\t\t\t<div class=\"elementor-spacer-inner\"><\/div>\n\t\t<\/div>\n\t\t\t\t\t\t<\/div>\n\t\t\t\t<div class=\"elementor-element elementor-element-4c99180 elementor-invisible elementor-widget elementor-widget-elementskit-heading\" data-id=\"4c99180\" data-element_type=\"widget\" data-e-type=\"widget\" data-settings=\"{&quot;_animation&quot;:&quot;fadeInDown&quot;}\" data-widget_type=\"elementskit-heading.default\">\n\t\t\t\t\t<div class=\"ekit-wid-con\" ><div class=\"ekit-heading elementskit-section-title-wraper    ekit_heading_tablet-text_center   ekit_heading_mobile-\"><h1 class=\"ekit-heading--title elementskit-section-title  ekit-heading__title-has-border start\">! Gracias por escribirnos \u00a1<\/h1><h3 class=\"ekit-heading--subtitle elementskit-section-subtitle\">\n\t\t\t\t\t\tApreciamos que te hayas tomado el tiempo de contactarnos y nos pondremos en comunicaci\u00f3n contigo lo m\u00e1s pronto posible.\n\t\t\t\t\t<\/h3><\/div><\/div>\t\t\t\t<\/div>\n\t\t\t\t<div class=\"elementor-element elementor-element-a178b19 animated-slow premium-lq__none elementor-invisible elementor-widget elementor-widget-premium-addon-button\" data-id=\"a178b19\" data-element_type=\"widget\" data-e-type=\"widget\" data-settings=\"{&quot;_animation&quot;:&quot;bounce&quot;}\" data-widget_type=\"premium-addon-button.default\">\n\t\t\t\t\t\r\n\r\n\t\t<a data-text=\"Volver\" class=\"premium-button premium-button-style8 premium-btn-lg premium-button-line6\" href=\"https:\/\/steelservicespr.com\/en\/\">\r\n\t\t\t<div class=\"premium-button-text-icon-wrapper\">\r\n\t\t\t\t\r\n\t\t\t\t\t\t\t\t\t<span >\r\n\t\t\t\t\t\tVolver\t\t\t\t\t<\/span>\r\n\t\t\t\t\t\t\t<\/div>\r\n\r\n\t\t\t\r\n\t\t\t\r\n\t\t\t\t\t\t\t\t\t\t\r\n\t\t<\/a>\r\n\r\n\r\n\t\t\t\t\t\t<\/div>\n\t\t\t\t<\/div>\n\t\t\t\t\t<\/div>\n\t\t\t\t<\/div>\n\t\t\t\t<\/div>","protected":false},"excerpt":{"rendered":"<p>! Gracias por escribirnos \u00a1 Apreciamos que te hayas tomado el tiempo de contactarnos y nos pondremos en comunicaci\u00f3n contigo lo m\u00e1s pronto posible. Volver<\/p>","protected":false},"author":2,"featured_media":0,"parent":0,"menu_order":0,"comment_status":"closed","ping_status":"closed","template":"elementor_canvas","meta":{"_joinchat":[],"footnotes":""},"class_list":["post-49","page","type-page","status-publish","hentry"],"yoast_head":"<!-- This site is optimized with the Yoast SEO plugin v24.7 - https:\/\/yoast.com\/wordpress\/plugins\/seo\/ -->\n<title>Gracias | Steel Services &amp; Supplies, Inc.<\/title>\n<meta name=\"robots\" content=\"index, follow, max-snippet:-1, max-image-preview:large, max-video-preview:-1\" \/>\n<link rel=\"canonical\" href=\"https:\/\/steelservicespr.com\/en\/thank-you\/\" \/>\n<meta property=\"og:locale\" content=\"en_US\" \/>\n<meta property=\"og:type\" content=\"article\" \/>\n<meta property=\"og:title\" content=\"Gracias | Steel Services &amp; Supplies, Inc.\" \/>\n<meta property=\"og:description\" content=\"! Gracias por escribirnos \u00a1 Apreciamos que te hayas tomado el tiempo de contactarnos y nos pondremos en comunicaci\u00f3n contigo lo m\u00e1s pronto posible. Volver\" \/>\n<meta property=\"og:url\" content=\"https:\/\/steelservicespr.com\/en\/thank-you\/\" \/>\n<meta property=\"og:site_name\" content=\"Steel Services &amp; Supplies, Inc.\" \/>\n<meta property=\"article:publisher\" content=\"https:\/\/www.facebook.com\/people\/Steel-Services-Supplies-Inc\/100090145658719\/\" \/>\n<meta property=\"article:modified_time\" content=\"2024-11-18T13:25:48+00:00\" \/>\n<meta property=\"og:image\" content=\"https:\/\/steelservicespr.com\/wp-content\/uploads\/2024\/11\/Steel_Services_LOGOSinfondo.png\" \/>\n\t<meta property=\"og:image:width\" content=\"1230\" \/>\n\t<meta property=\"og:image:height\" content=\"420\" \/>\n\t<meta property=\"og:image:type\" content=\"image\/png\" \/>\n<meta name=\"twitter:card\" content=\"summary_large_image\" \/>\n<meta name=\"twitter:label1\" content=\"Est. reading time\" \/>\n\t<meta name=\"twitter:data1\" content=\"1 minute\" \/>\n<script type=\"application\/ld+json\" class=\"yoast-schema-graph\">{\"@context\":\"https:\/\/schema.org\",\"@graph\":[{\"@type\":\"WebPage\",\"@id\":\"https:\/\/steelservicespr.com\/gracias\/\",\"url\":\"https:\/\/steelservicespr.com\/gracias\/\",\"name\":\"Gracias | Steel Services &amp; Supplies, Inc.\",\"isPartOf\":{\"@id\":\"https:\/\/steelservicespr.com\/#website\"},\"datePublished\":\"2024-11-12T18:23:41+00:00\",\"dateModified\":\"2024-11-18T13:25:48+00:00\",\"breadcrumb\":{\"@id\":\"https:\/\/steelservicespr.com\/gracias\/#breadcrumb\"},\"inLanguage\":\"en-US\",\"potentialAction\":[{\"@type\":\"ReadAction\",\"target\":[\"https:\/\/steelservicespr.com\/gracias\/\"]}]},{\"@type\":\"BreadcrumbList\",\"@id\":\"https:\/\/steelservicespr.com\/gracias\/#breadcrumb\",\"itemListElement\":[{\"@type\":\"ListItem\",\"position\":1,\"name\":\"Home\",\"item\":\"https:\/\/steelservicespr.com\/\"},{\"@type\":\"ListItem\",\"position\":2,\"name\":\"Gracias\"}]},{\"@type\":\"WebSite\",\"@id\":\"https:\/\/steelservicespr.com\/#website\",\"url\":\"https:\/\/steelservicespr.com\/\",\"name\":\"Steel Services & Supplies, Inc.\",\"description\":\"El centro de distribuci\u00f3n de varillas de refuerzo y fabricaci\u00f3n en acero m\u00e1s grande del caribe desde 1966\",\"publisher\":{\"@id\":\"https:\/\/steelservicespr.com\/#organization\"},\"potentialAction\":[{\"@type\":\"SearchAction\",\"target\":{\"@type\":\"EntryPoint\",\"urlTemplate\":\"https:\/\/steelservicespr.com\/?s={search_term_string}\"},\"query-input\":{\"@type\":\"PropertyValueSpecification\",\"valueRequired\":true,\"valueName\":\"search_term_string\"}}],\"inLanguage\":\"en-US\"},{\"@type\":\"Organization\",\"@id\":\"https:\/\/steelservicespr.com\/#organization\",\"name\":\"Steel Services & Supplies, Inc.\",\"url\":\"https:\/\/steelservicespr.com\/\",\"logo\":{\"@type\":\"ImageObject\",\"inLanguage\":\"en-US\",\"@id\":\"https:\/\/steelservicespr.com\/#\/schema\/logo\/image\/\",\"url\":\"https:\/\/steelservicespr.com\/wp-content\/uploads\/2024\/12\/Steel_Services_LOGOSinfondo-Letras-blancas.png\",\"contentUrl\":\"https:\/\/steelservicespr.com\/wp-content\/uploads\/2024\/12\/Steel_Services_LOGOSinfondo-Letras-blancas.png\",\"width\":1230,\"height\":420,\"caption\":\"Steel Services & Supplies, Inc.\"},\"image\":{\"@id\":\"https:\/\/steelservicespr.com\/#\/schema\/logo\/image\/\"},\"sameAs\":[\"https:\/\/www.facebook.com\/people\/Steel-Services-Supplies-Inc\/100090145658719\/\"]}]}<\/script>\n<!-- \/ Yoast SEO plugin. -->","yoast_head_json":{"title":"Gracias | Steel Services &amp; Supplies, Inc.","robots":{"index":"index","follow":"follow","max-snippet":"max-snippet:-1","max-image-preview":"max-image-preview:large","max-video-preview":"max-video-preview:-1"},"canonical":"https:\/\/steelservicespr.com\/en\/thank-you\/","og_locale":"en_US","og_type":"article","og_title":"Gracias | Steel Services &amp; Supplies, Inc.","og_description":"! Gracias por escribirnos \u00a1 Apreciamos que te hayas tomado el tiempo de contactarnos y nos pondremos en comunicaci\u00f3n contigo lo m\u00e1s pronto posible. Volver","og_url":"https:\/\/steelservicespr.com\/en\/thank-you\/","og_site_name":"Steel Services &amp; Supplies, Inc.","article_publisher":"https:\/\/www.facebook.com\/people\/Steel-Services-Supplies-Inc\/100090145658719\/","article_modified_time":"2024-11-18T13:25:48+00:00","og_image":[{"width":1230,"height":420,"url":"https:\/\/steelservicespr.com\/wp-content\/uploads\/2024\/11\/Steel_Services_LOGOSinfondo.png","type":"image\/png"}],"twitter_card":"summary_large_image","twitter_misc":{"Est. reading time":"1 minute"},"schema":{"@context":"https:\/\/schema.org","@graph":[{"@type":"WebPage","@id":"https:\/\/steelservicespr.com\/gracias\/","url":"https:\/\/steelservicespr.com\/gracias\/","name":"Gracias | Steel Services &amp; Supplies, Inc.","isPartOf":{"@id":"https:\/\/steelservicespr.com\/#website"},"datePublished":"2024-11-12T18:23:41+00:00","dateModified":"2024-11-18T13:25:48+00:00","breadcrumb":{"@id":"https:\/\/steelservicespr.com\/gracias\/#breadcrumb"},"inLanguage":"en-US","potentialAction":[{"@type":"ReadAction","target":["https:\/\/steelservicespr.com\/gracias\/"]}]},{"@type":"BreadcrumbList","@id":"https:\/\/steelservicespr.com\/gracias\/#breadcrumb","itemListElement":[{"@type":"ListItem","position":1,"name":"Home","item":"https:\/\/steelservicespr.com\/"},{"@type":"ListItem","position":2,"name":"Gracias"}]},{"@type":"WebSite","@id":"https:\/\/steelservicespr.com\/#website","url":"https:\/\/steelservicespr.com\/","name":"Steel Services &amp; Supplies, Inc.","description":"El centro de distribuci\u00f3n de varillas de refuerzo y fabricaci\u00f3n en acero m\u00e1s grande del caribe desde 1966","publisher":{"@id":"https:\/\/steelservicespr.com\/#organization"},"potentialAction":[{"@type":"SearchAction","target":{"@type":"EntryPoint","urlTemplate":"https:\/\/steelservicespr.com\/?s={search_term_string}"},"query-input":{"@type":"PropertyValueSpecification","valueRequired":true,"valueName":"search_term_string"}}],"inLanguage":"en-US"},{"@type":"Organization","@id":"https:\/\/steelservicespr.com\/#organization","name":"Steel Services &amp; Supplies, Inc.","url":"https:\/\/steelservicespr.com\/","logo":{"@type":"ImageObject","inLanguage":"en-US","@id":"https:\/\/steelservicespr.com\/#\/schema\/logo\/image\/","url":"https:\/\/steelservicespr.com\/wp-content\/uploads\/2024\/12\/Steel_Services_LOGOSinfondo-Letras-blancas.png","contentUrl":"https:\/\/steelservicespr.com\/wp-content\/uploads\/2024\/12\/Steel_Services_LOGOSinfondo-Letras-blancas.png","width":1230,"height":420,"caption":"Steel Services & Supplies, Inc."},"image":{"@id":"https:\/\/steelservicespr.com\/#\/schema\/logo\/image\/"},"sameAs":["https:\/\/www.facebook.com\/people\/Steel-Services-Supplies-Inc\/100090145658719\/"]}]}},"_links":{"self":[{"href":"https:\/\/steelservicespr.com\/en\/wp-json\/wp\/v2\/pages\/49","targetHints":{"allow":["GET"]}}],"collection":[{"href":"https:\/\/steelservicespr.com\/en\/wp-json\/wp\/v2\/pages"}],"about":[{"href":"https:\/\/steelservicespr.com\/en\/wp-json\/wp\/v2\/types\/page"}],"author":[{"embeddable":true,"href":"https:\/\/steelservicespr.com\/en\/wp-json\/wp\/v2\/users\/2"}],"replies":[{"embeddable":true,"href":"https:\/\/steelservicespr.com\/en\/wp-json\/wp\/v2\/comments?post=49"}],"version-history":[{"count":25,"href":"https:\/\/steelservicespr.com\/en\/wp-json\/wp\/v2\/pages\/49\/revisions"}],"predecessor-version":[{"id":2601,"href":"https:\/\/steelservicespr.com\/en\/wp-json\/wp\/v2\/pages\/49\/revisions\/2601"}],"wp:attachment":[{"href":"https:\/\/steelservicespr.com\/en\/wp-json\/wp\/v2\/media?parent=49"}],"curies":[{"name":"wp","href":"https:\/\/api.w.org\/{rel}","templated":true}]}}